{"id":722,"date":"2026-01-13T10:50:45","date_gmt":"2026-01-13T10:50:45","guid":{"rendered":"https:\/\/kascaro.cz\/?page_id=722"},"modified":"2026-01-16T08:10:33","modified_gmt":"2026-01-16T08:10:33","slug":"novinky","status":"publish","type":"page","link":"https:\/\/kascaro.cz\/en\/novinky\/","title":{"rendered":"Novinky"},"content":{"rendered":"<p>[et_pb_section fb_built=&#8220;1&#8243; _builder_version=&#8220;4.27.4&#8243; _module_preset=&#8220;default&#8220; custom_padding=&#8220;0px|||||&#8220; global_colors_info=&#8220;{}&#8220;][et_pb_row _builder_version=&#8220;4.27.4&#8243; _module_preset=&#8220;default&#8220; custom_margin=&#8220;40px||||false|false&#8220; custom_margin_tablet=&#8220;40px||||false|false&#8220; custom_margin_phone=&#8220;0px||||false|false&#8220; custom_margin_last_edited=&#8220;on|phone&#8220; module_alignment_tablet=&#8220;&#8220; module_alignment_phone=&#8220;center&#8220; module_alignment_last_edited=&#8220;on|phone&#8220; global_colors_info=&#8220;{}&#8220;][et_pb_column type=&#8220;4_4&#8243; _builder_version=&#8220;4.27.4&#8243; _module_preset=&#8220;default&#8220; global_colors_info=&#8220;{}&#8220;][et_pb_text _builder_version=&#8220;4.27.4&#8243; _module_preset=&#8220;default&#8220; text_font=&#8220;Belleza|||on|||||&#8220; text_text_color=&#8220;#392054&#8243; text_font_size=&#8220;48px&#8220; custom_margin=&#8220;||-25px|||&#8220; text_orientation_tablet=&#8220;center&#8220; text_orientation_phone=&#8220;&#8220; text_orientation_last_edited=&#8220;on|phone&#8220; global_colors_info=&#8220;{}&#8220;]<\/p>\n<p>Novinky<\/p>\n<p>[\/et_pb_text][\/et_pb_column][\/et_pb_row][et_pb_row _builder_version=&#8220;4.27.4&#8243; _module_preset=&#8220;default&#8220; global_colors_info=&#8220;{}&#8220;][et_pb_column type=&#8220;4_4&#8243; _builder_version=&#8220;4.27.4&#8243; _module_preset=&#8220;default&#8220; global_colors_info=&#8220;{}&#8220;][et_pb_text _builder_version=&#8220;4.27.4&#8243; _module_preset=&#8220;default&#8220; text_font=&#8220;&#8211;et_global_heading_font||||||||&#8220; text_text_color=&#8220;#382153&#8243; text_font_size=&#8220;20px&#8220; custom_margin=&#8220;-10px||26px|||&#8220; text_font_last_edited=&#8220;off|desktop&#8220; global_colors_info=&#8220;{}&#8220;]<\/p>\n<p style=\"text-align: center;\"><strong>10. 1. 2026<\/strong><\/p>\n<p>[\/et_pb_text][et_pb_text _builder_version=&#8220;4.27.4&#8243; _module_preset=&#8220;default&#8220; text_font=&#8220;&#8211;et_global_heading_font||||||||&#8220; text_text_color=&#8220;#c68f47&#8243; text_font_size=&#8220;20px&#8220; custom_margin=&#8220;-10px||1px|||&#8220; text_font_last_edited=&#8220;off|desktop&#8220; global_colors_info=&#8220;{}&#8220;]<\/p>\n<p style=\"text-align: center;\"><strong>N\u00e1rodn\u00ed v\u00fdstava Brno<\/strong><\/p>\n<p>[\/et_pb_text][et_pb_text _builder_version=&#8220;4.27.4&#8243; _module_preset=&#8220;default&#8220; global_colors_info=&#8220;{}&#8220;]<\/p>\n<div style=\"text-align: center;\">\n<p>&nbsp;<\/p>\n<p><em style=\"font-size: 14px;\">Rozhod\u010d\u00ed: Peter F. Berchtold <\/em><em style=\"font-size: 14px;\"><\/em><\/p>\n<p><em style=\"font-size: 14px;\"><\/em><\/p>\n<\/div>\n<div style=\"text-align: center;\"><\/div>\n<div style=\"text-align: center;\"><strong><\/strong><\/div>\n<div style=\"text-align: center;\"><strong>Forrest Kascaro<\/strong><span>\u00a0<\/span>&#8211; V\u00fdborn\u00fd 3 (6)<\/div>\n<div style=\"text-align: center;\"><\/div>\n<div style=\"text-align: center;\"><\/div>\n<div style=\"text-align: center;\"><\/div>\n<div style=\"text-align: center;\"><strong>Ice Storm Kascaro &#8211; <\/strong>Velmi nad\u011bjn\u00fd 3 (6)<\/div>\n<div style=\"text-align: center;\"><strong>Northbay Xsell Finally Mine &#8211; <\/strong>V\u00fdborn\u00fd 3 (12)<\/div>\n<div style=\"text-align: center;\"><strong>Enjoy Kascaro<\/strong> &#8211; V\u00fdborn\u00e1 3 (11)<\/div>\n<div style=\"text-align: center;\"><strong>Cute Angie Kascaro<\/strong><span>\u00a0<\/span>&#8211; V\u00fdborn\u00e1 2, <strong>Res. CAC<\/strong> (11)<\/div>\n<div style=\"text-align: center;\"><strong>Ivory Pearl Kascaro<span>\u00a0<\/span><\/strong>&#8211; <strong>Velmi nad\u011bjn\u00e1 1 (6), Nejlep\u0161\u00ed dorost v plemeni, BEST IN SHOW II.<\/strong><\/div>\n<div style=\"text-align: center;\"><strong>Yossi Kascaro<\/strong><span>\u00a0<\/span>&#8211; V\u00fdborn\u00e1 4 (14)<\/div>\n<div style=\"text-align: center;\"><\/div>\n<div style=\"text-align: center;\"><strong>Oreo Kascaro<\/strong><span>\u00a0<\/span>&#8211; V\u00fdborn\u00e1 1 (3), <strong>CAC<\/strong> a dokon\u010den <strong>\u010desk\u00fd \u0161ampion!<\/strong><\/div>\n<div style=\"text-align: center;\"><\/div>\n<div style=\"text-align: center;\"><\/div>\n<div style=\"text-align: center;\"><\/div>\n<div style=\"text-align: center;\"><\/div>\n<div style=\"text-align: center;\"><em><\/em><\/div>\n<div style=\"text-align: center;\"><\/div>\n<div style=\"text-align: center;\"><\/div>\n<div style=\"text-align: center;\"><em><\/em><\/div>\n<div style=\"text-align: center;\"><em><\/em><\/div>\n<div style=\"text-align: center;\"><em><\/em><\/div>\n<div style=\"text-align: center;\"><em><\/em><\/div>\n<div style=\"text-align: center;\"><em><\/em><\/div>\n<div style=\"text-align: center;\"><\/div>\n<p>[\/et_pb_text][et_pb_image src=&#8220;http:\/\/kascaro.cz\/wp-content\/uploads\/2026\/01\/auopurm_brnoleden26-4.jpg&#8220; title_text=&#8220;auopurm_brnoleden26-4&#8243; align_tablet=&#8220;&#8220; align_phone=&#8220;center&#8220; align_last_edited=&#8220;on|phone&#8220; _builder_version=&#8220;4.27.4&#8243; _module_preset=&#8220;default&#8220; width=&#8220;60%&#8220; width_tablet=&#8220;60%&#8220; width_phone=&#8220;100%&#8220; width_last_edited=&#8220;on|phone&#8220; max_width=&#8220;100%&#8220; module_alignment=&#8220;center&#8220; border_radii=&#8220;on|10px|10px|10px|10px&#8220; global_colors_info=&#8220;{}&#8220;][\/et_pb_image][et_pb_image src=&#8220;http:\/\/kascaro.cz\/wp-content\/uploads\/2026\/01\/kascaro-oddelovac.png&#8220; title_text=&#8220;kascaro oddelovac&#8220; _builder_version=&#8220;4.27.4&#8243; _module_preset=&#8220;default&#8220; width=&#8220;70%&#8220; width_tablet=&#8220;70%&#8220; width_phone=&#8220;100%&#8220; width_last_edited=&#8220;on|phone&#8220; max_width=&#8220;100%&#8220; module_alignment=&#8220;center&#8220; global_colors_info=&#8220;{}&#8220;][\/et_pb_image][\/et_pb_column][\/et_pb_row][et_pb_row _builder_version=&#8220;4.27.4&#8243; _module_preset=&#8220;default&#8220; global_colors_info=&#8220;{}&#8220;][et_pb_column type=&#8220;4_4&#8243; _builder_version=&#8220;4.27.4&#8243; _module_preset=&#8220;default&#8220; global_colors_info=&#8220;{}&#8220;][et_pb_text _builder_version=&#8220;4.27.4&#8243; _module_preset=&#8220;default&#8220; text_font=&#8220;&#8211;et_global_heading_font||||||||&#8220; text_text_color=&#8220;#382153&#8243; text_font_size=&#8220;20px&#8220; custom_margin=&#8220;-10px||26px|||&#8220; hover_enabled=&#8220;0&#8243; text_font_last_edited=&#8220;off|desktop&#8220; global_colors_info=&#8220;{}&#8220; sticky_enabled=&#8220;0&#8243;]<\/p>\n<p style=\"text-align: center;\"><strong>Zakon\u010den\u00ed roku 2024!<\/strong><\/p>\n<p>[\/et_pb_text][et_pb_text _builder_version=&#8220;4.27.4&#8243; _module_preset=&#8220;default&#8220; text_font=&#8220;&#8211;et_global_heading_font||||||||&#8220; text_text_color=&#8220;#c68f47&#8243; text_font_size=&#8220;20px&#8220; custom_margin=&#8220;-10px||1px|||&#8220; hover_enabled=&#8220;0&#8243; text_font_last_edited=&#8220;off|desktop&#8220; global_colors_info=&#8220;{}&#8220; sticky_enabled=&#8220;0&#8243;]<\/p>\n<p style=\"text-align: center;\"><strong>CHOVATELSK\u00c1 STANICE KASCARO &#8211; NEJLEP\u0160\u00cd CHS PRO ROK 2024<\/strong><\/p>\n<p>[\/et_pb_text][et_pb_text _builder_version=&#8220;4.27.4&#8243; _module_preset=&#8220;default&#8220; hover_enabled=&#8220;0&#8243; global_colors_info=&#8220;{}&#8220; sticky_enabled=&#8220;0&#8243;]<\/p>\n<div style=\"text-align: center;\">\n<p>Ka\u017edoro\u010dn\u00ed bodov\u00e1n\u00ed v\u00fdstavn\u00edch \u00fasp\u011bch\u016f pod z\u00e1\u0161titou KCHBO, v bodov\u00e1n\u00ed bylo celkem 74 chovatelsk\u00fdch stanic.<\/p>\n<p>&nbsp;<\/p>\n<\/div>\n<div style=\"text-align: center;\">\n<div dir=\"auto\"><\/div>\n<div dir=\"auto\"><\/div>\n<div dir=\"auto\"><span class=\"html-span xexx8yu xyri2b x18d9i69 x1c1uobl x1hl2dhg x16tdsg8 x1vvkbs x3nfvp2 x1j61x8r x1fcty0u xdj266r xat24cr xm2jcoa x1mpyi22 xxymvpz xlup9mm x1kky2od\"><img loading=\"lazy\" decoding=\"async\" height=\"16\" width=\"16\" class=\"xz74otr x15mokao x1ga7v0g x16uus16 xbiv7yw\" alt=\"\ud83c\udfc6\" referrerpolicy=\"origin-when-cross-origin\" src=\"https:\/\/static.xx.fbcdn.net\/images\/emoji.php\/v9\/t5d\/2\/16\/1f3c6.png\" \/><\/span> Vlo\u010dka Kascaro \u2013 <strong>1. m\u00edsto &#8211; NEJLEP\u0160\u00cd MLAD\u00c1 FENA! (160)<\/strong><\/div>\n<div dir=\"auto\"><span class=\"html-span xexx8yu xyri2b x18d9i69 x1c1uobl x1hl2dhg x16tdsg8 x1vvkbs x3nfvp2 x1j61x8r x1fcty0u xdj266r xat24cr xm2jcoa x1mpyi22 xxymvpz xlup9mm x1kky2od\"><img loading=\"lazy\" decoding=\"async\" height=\"16\" width=\"16\" class=\"xz74otr x15mokao x1ga7v0g x16uus16 xbiv7yw\" alt=\"\ud83c\udf1f\" referrerpolicy=\"origin-when-cross-origin\" src=\"https:\/\/static.xx.fbcdn.net\/images\/emoji.php\/v9\/t7f\/2\/16\/1f31f.png\" \/><\/span> Uniqueness Kascaro \u2013 <strong>4. m\u00edsto (160)<\/strong><\/div>\n<div dir=\"auto\"><span class=\"html-span xexx8yu xyri2b x18d9i69 x1c1uobl x1hl2dhg x16tdsg8 x1vvkbs x3nfvp2 x1j61x8r x1fcty0u xdj266r xat24cr xm2jcoa x1mpyi22 xxymvpz xlup9mm x1kky2od\"><img loading=\"lazy\" decoding=\"async\" height=\"16\" width=\"16\" class=\"xz74otr x15mokao x1ga7v0g x16uus16 xbiv7yw\" alt=\"\ud83c\udf96\" referrerpolicy=\"origin-when-cross-origin\" src=\"https:\/\/static.xx.fbcdn.net\/images\/emoji.php\/v9\/t47\/2\/16\/1f396.png\" \/><\/span> Yossi Kascaro \u2013<strong> 5. m\u00edsto (160)<\/strong><\/div>\n<div dir=\"auto\">\n<div class=\"x14z9mp xat24cr x1lziwak x1vvkbs xtlvy1s x126k92a\">\n<div dir=\"auto\"><\/div>\n<div dir=\"auto\"><span class=\"html-span xexx8yu xyri2b x18d9i69 x1c1uobl x1hl2dhg x16tdsg8 x1vvkbs x3nfvp2 x1j61x8r x1fcty0u xdj266r xat24cr xm2jcoa x1mpyi22 xxymvpz xlup9mm x1kky2od\"><img loading=\"lazy\" decoding=\"async\" height=\"16\" width=\"16\" class=\"xz74otr x15mokao x1ga7v0g x16uus16 xbiv7yw\" alt=\"\ud83e\udd49\" referrerpolicy=\"origin-when-cross-origin\" src=\"https:\/\/static.xx.fbcdn.net\/images\/emoji.php\/v9\/t35\/2\/16\/1f949.png\" \/><\/span> Unlimited Kascaro \u2013 <strong>3. m\u00edsto (124)<\/strong><\/div>\n<div dir=\"auto\"><span class=\"html-span xexx8yu xyri2b x18d9i69 x1c1uobl x1hl2dhg x16tdsg8 x1vvkbs x3nfvp2 x1j61x8r x1fcty0u xdj266r xat24cr xm2jcoa x1mpyi22 xxymvpz xlup9mm x1kky2od\"><img loading=\"lazy\" decoding=\"async\" height=\"16\" width=\"16\" class=\"xz74otr x15mokao x1ga7v0g x16uus16 xbiv7yw\" alt=\"\ud83c\udfc5\" referrerpolicy=\"origin-when-cross-origin\" src=\"https:\/\/static.xx.fbcdn.net\/images\/emoji.php\/v9\/tdc\/2\/16\/1f3c5.png\" \/><\/span> Autumn Kascaro \u2013 <strong>9-10. m\u00edsto (124)<\/strong><\/div>\n<\/div>\n<div class=\"x14z9mp xat24cr x1lziwak x1vvkbs xtlvy1s x126k92a\">\n<div dir=\"auto\"><\/div>\n<div dir=\"auto\"><span class=\"html-span xexx8yu xyri2b x18d9i69 x1c1uobl x1hl2dhg x16tdsg8 x1vvkbs x3nfvp2 x1j61x8r x1fcty0u xdj266r xat24cr xm2jcoa x1mpyi22 xxymvpz xlup9mm x1kky2od\"><img loading=\"lazy\" decoding=\"async\" height=\"16\" width=\"16\" class=\"xz74otr x15mokao x1ga7v0g x16uus16 xbiv7yw\" alt=\"\u2b50\" referrerpolicy=\"origin-when-cross-origin\" src=\"https:\/\/static.xx.fbcdn.net\/images\/emoji.php\/v9\/t35\/2\/16\/2b50.png\" \/><\/span> Damon Kascaro \u2013 <strong>8. m\u00edsto (129)<\/strong><\/div>\n<\/div>\n<\/div>\n<\/div>\n<div style=\"text-align: center;\"><\/div>\n<p>[\/et_pb_text][et_pb_image src=&#8220;http:\/\/kascaro.cz\/wp-content\/uploads\/2026\/01\/kascarotopten-scaled.jpg&#8220; title_text=&#8220;kascarotopten&#8220; align_tablet=&#8220;&#8220; align_phone=&#8220;center&#8220; align_last_edited=&#8220;on|phone&#8220; _builder_version=&#8220;4.27.4&#8243; _module_preset=&#8220;default&#8220; width=&#8220;60%&#8220; width_tablet=&#8220;60%&#8220; width_phone=&#8220;100%&#8220; width_last_edited=&#8220;on|phone&#8220; max_width=&#8220;100%&#8220; module_alignment=&#8220;center&#8220; hover_enabled=&#8220;0&#8243; border_radii=&#8220;on|10px|10px|10px|10px&#8220; global_colors_info=&#8220;{}&#8220; sticky_enabled=&#8220;0&#8243;][\/et_pb_image][et_pb_image src=&#8220;http:\/\/kascaro.cz\/wp-content\/uploads\/2026\/01\/kascaro-oddelovac.png&#8220; title_text=&#8220;kascaro oddelovac&#8220; _builder_version=&#8220;4.27.4&#8243; _module_preset=&#8220;default&#8220; width=&#8220;70%&#8220; width_tablet=&#8220;70%&#8220; width_phone=&#8220;100%&#8220; width_last_edited=&#8220;on|phone&#8220; max_width=&#8220;100%&#8220; module_alignment=&#8220;center&#8220; global_colors_info=&#8220;{}&#8220;][\/et_pb_image][\/et_pb_column][\/et_pb_row][et_pb_row _builder_version=&#8220;4.27.4&#8243; _module_preset=&#8220;default&#8220; global_colors_info=&#8220;{}&#8220;][et_pb_column type=&#8220;4_4&#8243; _builder_version=&#8220;4.27.4&#8243; _module_preset=&#8220;default&#8220; global_colors_info=&#8220;{}&#8220;][et_pb_text _builder_version=&#8220;4.27.4&#8243; _module_preset=&#8220;default&#8220; text_font=&#8220;&#8211;et_global_heading_font||||||||&#8220; text_text_color=&#8220;#382153&#8243; text_font_size=&#8220;20px&#8220; custom_margin=&#8220;-10px||26px|||&#8220; text_font_last_edited=&#8220;off|desktop&#8220; global_colors_info=&#8220;{}&#8220;]<\/p>\n<p style=\"text-align: center;\"><strong>19. 10. 2024<\/strong><\/p>\n<p>[\/et_pb_text][et_pb_text _builder_version=&#8220;4.27.4&#8243; _module_preset=&#8220;default&#8220; text_font=&#8220;&#8211;et_global_heading_font||||||||&#8220; text_text_color=&#8220;#c68f47&#8243; text_font_size=&#8220;20px&#8220; custom_margin=&#8220;-10px||1px|||&#8220; text_font_last_edited=&#8220;off|desktop&#8220; global_colors_info=&#8220;{}&#8220;]<\/p>\n<p style=\"text-align: center;\"><strong>Klubov\u00e1 v\u00fdstava KCHMPP Mlad\u00e1 Boleslav<\/strong><\/p>\n<p>[\/et_pb_text][et_pb_text _builder_version=&#8220;4.27.4&#8243; _module_preset=&#8220;default&#8220; global_colors_info=&#8220;{}&#8220;]<\/p>\n<div style=\"text-align: center;\">Klubov\u00e1 v\u00fdstava v Mlad\u00e9 Boleslavi byla pro na\u0161e pejsky a odchovy velmi \u00fasp\u011b\u0161n\u00e1. P\u0159ihl\u00e1\u0161eno bylo 169 aus\u00edk\u016f.<\/p>\n<p><em>Rozhod\u010d\u00ed: Sandra Balkow<\/em><\/div>\n<div style=\"text-align: center;\"><\/div>\n<div style=\"text-align: center;\"><strong>Cassie Kascaro<\/strong><span>\u00a0<\/span>&#8211; Velmi nad\u011bjn\u00e1 2 (9)<\/div>\n<div style=\"text-align: center;\"><strong>Cute Angie Kascaro<\/strong><span>\u00a0<\/span>&#8211; Velmi nad\u011bjn\u00e1 (9)<\/div>\n<div style=\"text-align: center;\"><strong>Autumn Kascaro<span>\u00a0<\/span><\/strong>&#8211; V\u00fdborn\u00fd 1 (13), CAJC<\/div>\n<div style=\"text-align: center;\"><strong>Northbay Xsell Finally Mine<\/strong><span>\u00a0<\/span>&#8211; V\u00fdborn\u00fd 2 (13)<\/div>\n<div style=\"text-align: center;\"><strong>Unlimited Kascaro<\/strong><span>\u00a0<\/span>&#8211; V\u00fdborn\u00fd (18)<\/div>\n<div style=\"text-align: center;\"><strong>Damon Kascaro<\/strong><span>\u00a0<\/span>&#8211; V\u00fdborn\u00fd 3 (5)<\/div>\n<div style=\"text-align: center;\"><\/div>\n<div style=\"text-align: center;\"><\/div>\n<div style=\"text-align: center;\"><\/div>\n<div style=\"text-align: center;\"><\/div>\n<div style=\"text-align: center;\"><em><\/em><\/div>\n<div style=\"text-align: center;\"><\/div>\n<div style=\"text-align: center;\"><\/div>\n<div style=\"text-align: center;\"><em><\/em><\/div>\n<div style=\"text-align: center;\"><em><\/em><\/div>\n<div style=\"text-align: center;\"><em><\/em><\/div>\n<div style=\"text-align: center;\"><em><\/em><\/div>\n<div style=\"text-align: center;\"><em><\/em><\/div>\n<div style=\"text-align: center;\"><em><br \/>Rozhod\u010d\u00ed: Keren Mc Devitt<\/em><\/div>\n<div style=\"text-align: center;\"><strong>Yossi Kascaro<\/strong><span>\u00a0<\/span>&#8211; V\u00fdborn\u00e1 (23)<\/div>\n<div style=\"text-align: center;\"><strong>Vlo\u010dka Kascaro<\/strong><span>\u00a0<\/span>&#8211; V\u00fdborn\u00e1 2 (20), Res. CAC; KLUBOV\u00dd JUNIOR CHAMPION KCHMPP<span><\/span><\/div>\n<p>[\/et_pb_text][et_pb_image src=&#8220;http:\/\/kascaro.cz\/wp-content\/uploads\/2026\/01\/464270157_9048365321842371_1968693285491724026_n.jpg&#8220; title_text=&#8220;464270157_9048365321842371_1968693285491724026_n&#8220; align_tablet=&#8220;&#8220; align_phone=&#8220;center&#8220; align_last_edited=&#8220;on|phone&#8220; _builder_version=&#8220;4.27.4&#8243; _module_preset=&#8220;default&#8220; width=&#8220;60%&#8220; width_tablet=&#8220;60%&#8220; width_phone=&#8220;100%&#8220; width_last_edited=&#8220;on|phone&#8220; max_width=&#8220;100%&#8220; module_alignment=&#8220;center&#8220; border_radii=&#8220;on|10px|10px|10px|10px&#8220; global_colors_info=&#8220;{}&#8220;][\/et_pb_image][et_pb_image src=&#8220;http:\/\/kascaro.cz\/wp-content\/uploads\/2026\/01\/kascaro-oddelovac.png&#8220; title_text=&#8220;kascaro oddelovac&#8220; _builder_version=&#8220;4.27.4&#8243; _module_preset=&#8220;default&#8220; width=&#8220;70%&#8220; width_tablet=&#8220;70%&#8220; width_phone=&#8220;100%&#8220; width_last_edited=&#8220;on|phone&#8220; max_width=&#8220;100%&#8220; module_alignment=&#8220;center&#8220; global_colors_info=&#8220;{}&#8220;][\/et_pb_image][\/et_pb_column][\/et_pb_row][\/et_pb_section]<\/p>","protected":false},"excerpt":{"rendered":"<p>Novinky10. 1. 2026N\u00e1rodn\u00ed v\u00fdstava Brno &nbsp; Rozhod\u010d\u00ed: Peter F. Berchtold Forrest Kascaro\u00a0&#8211; V\u00fdborn\u00fd 3 (6) Ice Storm Kascaro &#8211; Velmi nad\u011bjn\u00fd 3 (6) Northbay Xsell Finally Mine &#8211; V\u00fdborn\u00fd 3 (12) Enjoy Kascaro &#8211; V\u00fdborn\u00e1 3 (11) Cute Angie Kascaro\u00a0&#8211; V\u00fdborn\u00e1 2, Res. CAC (11) Ivory Pearl Kascaro\u00a0&#8211; Velmi nad\u011bjn\u00e1 1 (6), Nejlep\u0161\u00ed dorost v [&hellip;]<\/p>","protected":false},"author":1,"featured_media":0,"parent":0,"menu_order":0,"comment_status":"closed","ping_status":"closed","template":"","meta":{"_et_pb_use_builder":"on","_et_pb_old_content":"","_et_gb_content_width":"","footnotes":""},"class_list":["post-722","page","type-page","status-publish","hentry"],"_links":{"self":[{"href":"https:\/\/kascaro.cz\/en\/wp-json\/wp\/v2\/pages\/722","targetHints":{"allow":["GET"]}}],"collection":[{"href":"https:\/\/kascaro.cz\/en\/wp-json\/wp\/v2\/pages"}],"about":[{"href":"https:\/\/kascaro.cz\/en\/wp-json\/wp\/v2\/types\/page"}],"author":[{"embeddable":true,"href":"https:\/\/kascaro.cz\/en\/wp-json\/wp\/v2\/users\/1"}],"replies":[{"embeddable":true,"href":"https:\/\/kascaro.cz\/en\/wp-json\/wp\/v2\/comments?post=722"}],"version-history":[{"count":7,"href":"https:\/\/kascaro.cz\/en\/wp-json\/wp\/v2\/pages\/722\/revisions"}],"predecessor-version":[{"id":973,"href":"https:\/\/kascaro.cz\/en\/wp-json\/wp\/v2\/pages\/722\/revisions\/973"}],"wp:attachment":[{"href":"https:\/\/kascaro.cz\/en\/wp-json\/wp\/v2\/media?parent=722"}],"curies":[{"name":"wp","href":"https:\/\/api.w.org\/{rel}","templated":true}]}}