{"id":728,"date":"2026-01-13T10:53:05","date_gmt":"2026-01-13T10:53:05","guid":{"rendered":"https:\/\/kascaro.cz\/?page_id=728"},"modified":"2026-01-15T09:44:01","modified_gmt":"2026-01-15T09:44:01","slug":"o-nas","status":"publish","type":"page","link":"https:\/\/kascaro.cz\/en\/o-nas\/","title":{"rendered":"O n\u00e1s"},"content":{"rendered":"<p>[et_pb_section fb_built=&#8220;1&#8243; _builder_version=&#8220;4.27.4&#8243; _module_preset=&#8220;default&#8220; custom_padding=&#8220;0px|||||&#8220; global_colors_info=&#8220;{}&#8220;][et_pb_row _builder_version=&#8220;4.27.4&#8243; _module_preset=&#8220;default&#8220; custom_margin=&#8220;40px||||false|false&#8220; custom_margin_tablet=&#8220;40px||||false|false&#8220; custom_margin_phone=&#8220;0px||||false|false&#8220; custom_margin_last_edited=&#8220;on|phone&#8220; global_colors_info=&#8220;{}&#8220;][et_pb_column type=&#8220;4_4&#8243; _builder_version=&#8220;4.27.4&#8243; _module_preset=&#8220;default&#8220; global_colors_info=&#8220;{}&#8220;][et_pb_text _builder_version=&#8220;4.27.4&#8243; _module_preset=&#8220;default&#8220; text_font=&#8220;Belleza|||on|||||&#8220; text_text_color=&#8220;#392054&#8243; text_font_size=&#8220;48px&#8220; text_orientation_tablet=&#8220;&#8220; text_orientation_phone=&#8220;center&#8220; text_orientation_last_edited=&#8220;on|phone&#8220; global_colors_info=&#8220;{}&#8220;]<\/p>\n<p>O n\u00e1s<\/p>\n<p>[\/et_pb_text][et_pb_text _builder_version=&#8220;4.27.4&#8243; _module_preset=&#8220;default&#8220; global_colors_info=&#8220;{}&#8220;]<\/p>\n<p style=\"text-align: justify;\">\n<p data-start=\"454\" data-end=\"787\">Jmenuji se <strong data-start=\"465\" data-end=\"481\">Hana Purmov\u00e1<\/strong> a psi jsou sou\u010d\u00e1st\u00ed m\u00e9ho \u017eivota prakticky odjak\u017eiva. Sv\u00e9ho prvn\u00edho psa jsem m\u011bla u\u017e v p\u011bti letech \u2013 byl to kokr\u0161pan\u011bl bez pr\u016fkazu p\u016fvodu. U\u017e tehdy ale bylo v\u0161em kolem jasn\u00e9, \u017ee m\u016fj \u017eivot bude nav\u017edy spojen\u00fd se psy. Kdekoliv jsem jak\u00e9hokoliv psa potkala, musela jsem za n\u00edm j\u00edt, poznat ho, nav\u00e1zat kontakt.<\/p>\n<p data-start=\"789\" data-end=\"1100\">Od deseti let jsem za\u010dala pravideln\u011b doch\u00e1zet na ZKO ve Skut\u010di s n\u011bmeck\u00fdm ov\u010d\u00e1kem m\u00e9ho bratra, kde jsem se v\u011bnovala sportovn\u00ed kynologii. Pracovali jsme na stop\u00e1ch, poslu\u0161nosti i obran\u00e1ch a pr\u00e1v\u011b tady se za\u010daly formovat moje z\u00e1klady pr\u00e1ce se psem, respekt k v\u00fdcviku, systemati\u010dnosti a vz\u00e1jemn\u00e9mu vztahu \u010dlov\u011bka a psa.<\/p>\n<p data-start=\"1102\" data-end=\"1463\">Ve sv\u00fdch dvaadvaceti letech jsem si po\u0159\u00eddila sv\u00e9ho prvn\u00edho vlastn\u00edho psa s pr\u016fkazem p\u016fvodu \u2013 n\u011bmeck\u00e9ho ov\u010d\u00e1ka jm\u00e9nem <strong data-start=\"1212\" data-end=\"1231\">Scarlett Kateko<\/strong>. Byla mou nejlep\u0161\u00ed p\u0159\u00edtelkyn\u00ed, par\u0165a\u010dkou a psem, kter\u00fd z\u00e1sadn\u011b ovlivnil m\u016fj dal\u0161\u00ed sm\u011br. Dnes u\u017e bohu\u017eel nen\u00ed mezi n\u00e1mi, ale pr\u00e1v\u011b ona za\u010dala ps\u00e1t p\u0159\u00edb\u011bh chovatelsk\u00e9 stanice <strong data-start=\"1405\" data-end=\"1416\">Kascaro<\/strong>. S n\u011bmeck\u00fdmi ov\u010d\u00e1ky jsem odchovala \u010dty\u0159i vrhy.<\/p>\n<p data-start=\"1465\" data-end=\"1865\">Osud v\u0161ak n\u011bkdy zam\u00edch\u00e1 kartami jinak, ne\u017e bychom si p\u0159\u00e1li. Po v\u00e1\u017en\u00e9 autonehod\u011b u\u017e pro m\u011b nebylo mo\u017en\u00e9 pokra\u010dovat v chovu n\u011bmeck\u00fdch ov\u010d\u00e1k\u016f. Pr\u00e1v\u011b tehdy jsem objevila plemeno <strong data-start=\"1639\" data-end=\"1659\">australsk\u00fd ov\u010d\u00e1k<\/strong> a velmi rychle jsem pochopila, \u017ee jsem na\u0161la sv\u00e9 \u017eivotn\u00ed plemeno. Australsk\u00fd ov\u010d\u00e1k se stal mou v\u00e1\u0161n\u00ed. Fascinuje m\u011b jeho inteligence, temperament, v\u0161estrannost i schopnost vytvo\u0159it siln\u00e9 pouto s \u010dlov\u011bkem.<\/p>\n<p data-start=\"269\" data-end=\"773\">D\u00edky tomu, \u017ee je <strong data-start=\"286\" data-end=\"315\">miniaturn\u00ed americk\u00fd ov\u010d\u00e1k<\/strong> sv\u00fdm typem, povahou i celkov\u00fdm projevem velmi bl\u00edzk\u00fd australsk\u00e9mu ov\u010d\u00e1kovi, jen v men\u0161\u00edm proveden\u00ed, jsem se postupn\u011b rozhodla v\u011bnovat tak\u00e9 tomuto plemeni. Miniaturn\u00ed americk\u00fd ov\u010d\u00e1k je relativn\u011b mlad\u00e9 plemeno, kter\u00e9 st\u00e1le nab\u00edz\u00ed prostor k formov\u00e1n\u00ed a zodpov\u011bdn\u00e9mu sm\u011b\u0159ov\u00e1n\u00ed. Na\u0161\u00edm c\u00edlem je pod\u00edlet se na chovu jedinc\u016f, kte\u0159\u00ed budou skute\u010dn\u011b odpov\u00eddat p\u0159edstav\u011b men\u0161\u00edho australsk\u00e9ho ov\u010d\u00e1ka \u2013 harmonick\u00e9ho, pohybliv\u00e9ho, funk\u010dn\u00edho a typick\u00e9ho po v\u0161ech str\u00e1nk\u00e1ch. Tomuto plemeni se v\u0161ak v\u011bnujeme v men\u0161\u00ed m\u00ed\u0159e ne\u017e australsk\u00fdm ov\u010d\u00e1k\u016fm. Australsk\u00fd ov\u010d\u00e1k z\u016fst\u00e1v\u00e1 na\u0161\u00edm hlavn\u00edm a srde\u010dn\u00edm plemenem, zat\u00edmco miniaturn\u00ed americk\u00fd ov\u010d\u00e1k je pro n\u00e1s p\u0159irozen\u00fdm dopln\u011bn\u00edm chovu, ke kter\u00e9mu p\u0159istupujeme se stejnou zodpov\u011bdnost\u00ed, ale s men\u0161\u00edm po\u010dtem odchov\u016f a d\u016frazem na pe\u010dliv\u00fd v\u00fdb\u011br a kvalitu.<\/p>\n<p data-start=\"1867\" data-end=\"2313\">Velmi m\u011b bav\u00ed studium rodokmen\u016f, pl\u00e1nov\u00e1n\u00ed spojen\u00ed a sledov\u00e1n\u00ed toho, jak spolu pe\u010dliv\u011b vybran\u00fd p\u00e1r funguje \u2013 nejen na pap\u00ed\u0159e, ale p\u0159edev\u0161\u00edm v re\u00e1ln\u00e9m \u017eivot\u011b. Zam\u011b\u0159uji se p\u0159edev\u0161\u00edm na <strong data-start=\"2050\" data-end=\"2068\">v\u00fdstavn\u00ed linii<\/strong>, kde je pro m\u011b z\u00e1sadn\u00ed kvalitn\u00ed pohyb a celkov\u00fd projev v exteri\u00e9ru. Z\u00e1rove\u0148 je v\u0161ak pro m\u011b naprosto kl\u00ed\u010dov\u00e9, aby \u0161lo o psy s vyrovnanou povahou, se kter\u00fdmi se skv\u011ble \u017eije po cel\u00fd \u017eivot. Povaha a zdrav\u00ed jsou pro m\u011b stejn\u011b d\u016fle\u017eit\u00e9 jako exteri\u00e9r.<\/p>\n<p data-start=\"2315\" data-end=\"2555\">Dnes \u017eiji v mal\u00e9 vesnici <strong data-start=\"2340\" data-end=\"2351\">Dubenec<\/strong>, na samot\u011b u lesa. M\u00e1me k dispozici velk\u00fd pozemek obklopen\u00fd loukami a poli, kde maj\u00ed na\u0161i psi dostatek prostoru k pohybu, klid i p\u0159irozen\u00e9 podn\u011bty. Psi jsou plnohodnotnou sou\u010d\u00e1st\u00ed na\u0161eho \u017eivota a rodiny.<\/p>\n<p data-start=\"324\" data-end=\"769\">P\u0159i odchodu \u0161t\u011bn\u011bte do nov\u00e9ho domova se v\u017edy sna\u017e\u00edm p\u0159edat nov\u00fdm majitel\u016fm co nejv\u00edce informac\u00ed a praktick\u00fdch rad k jeho dal\u0161\u00edmu \u017eivotu. Samoz\u0159ejmost\u00ed jsou doporu\u010den\u00ed t\u00fdkaj\u00edc\u00ed se od\u010derven\u00ed, o\u010dkov\u00e1n\u00ed, krmen\u00ed, v\u00fdchovy a spr\u00e1vn\u00e9ho denn\u00edho re\u017eimu, ale tak\u00e9 p\u00e9\u010de o srst, vhodn\u00fdch dopl\u0148k\u016f v\u00fd\u017eivy \u010di celkov\u00e9 kondice psa. Majitel\u016fm jsem dlouh\u00e1 l\u00e9ta pos\u00edlala mno\u017estv\u00ed odkaz\u016f na r\u016fzn\u00e9 e-shopy, kde si mohli pot\u0159ebn\u00e9 vybaven\u00ed a produkty postupn\u011b po\u0159izovat.<\/p>\n<p data-start=\"771\" data-end=\"1223\">Pr\u00e1v\u011b z t\u00e9to pot\u0159eby \u2013 m\u00edt v\u0161e p\u0159ehledn\u011b na jednom m\u00edst\u011b a nab\u00eddnout pouze ov\u011b\u0159en\u00e9 produkty, se kter\u00fdmi m\u00e1m osobn\u00ed zku\u0161enost \u2013 vznikl i n\u00e1\u0161 vlastn\u00ed e-shop. D\u00edky n\u011bmu mohu majitel\u016fm sv\u00fdch odchov\u016f nab\u00eddnout v\u0161e pot\u0159ebn\u00e9 pro jejich \u0161t\u011b\u0148\u00e1tko na jednom m\u00edst\u011b, s jasn\u00fdm doporu\u010den\u00edm a \u010dasto i za v\u00fdhodn\u011bj\u0161\u00edch podm\u00ednek. Vn\u00edm\u00e1m to jako p\u0159irozen\u00e9 roz\u0161\u00ed\u0159en\u00ed p\u00e9\u010de o sv\u00e9 odchovy a dal\u0161\u00ed zp\u016fsob, jak b\u00fdt nov\u00fdm majitel\u016fm skute\u010dnou oporou v ka\u017edodenn\u00edm \u017eivot\u011b se psem.<\/p>\n<p data-start=\"2557\" data-end=\"2899\">Odchovy chovatelsk\u00e9 stanice Kascaro dnes \u017eij\u00ed po cel\u00e9m sv\u011bt\u011b. S obrovskou radost\u00ed sleduji jejich \u00fasp\u011bchy, a\u0165 u\u017e na v\u00fdstav\u00e1ch, kde z\u00edsk\u00e1vaj\u00ed ty nejvy\u0161\u0161\u00ed mo\u017en\u00e9 tituly, nebo p\u0159edev\u0161\u00edm v \u017eivotech sv\u00fdch rodin, kde d\u011blaj\u00ed radost ka\u017ed\u00fd den. D\u00edky na\u0161im ps\u016fm jsme poznali spoustu skv\u011bl\u00fdch lid\u00ed a vznikla \u0159ada p\u0159\u00e1telstv\u00ed, za kter\u00e1 jsem nesm\u00edrn\u011b vd\u011b\u010dn\u00e1.<\/p>\n<p data-start=\"2901\" data-end=\"3047\">Chov pro m\u011b nen\u00ed jen o \u0161t\u011b\u0148atech, ale o vztaz\u00edch, d\u016fv\u011b\u0159e a dlouhodob\u00e9 zodpov\u011bdnosti \u2013 ke ps\u016fm, k plemeni i k lidem, kte\u0159\u00ed si na\u0161e odchovy vyberou.<\/p>\n<p style=\"text-align: justify;\"><span>\u00a0<\/span><\/p>\n<p>[\/et_pb_text][et_pb_image src=&#8220;http:\/\/kascaro.cz\/wp-content\/uploads\/2026\/01\/00859f83-7cd4-4adf-ba64-f485d7dc27e7.jpeg&#8220; title_text=&#8220;00859f83-7cd4-4adf-ba64-f485d7dc27e7&#8243; align=&#8220;center&#8220; _builder_version=&#8220;4.27.4&#8243; _module_preset=&#8220;default&#8220; width=&#8220;70%&#8220; width_tablet=&#8220;70%&#8220; width_phone=&#8220;100%&#8220; width_last_edited=&#8220;on|phone&#8220; max_width=&#8220;100%&#8220; border_radii=&#8220;on|10px|10px|10px|10px&#8220; global_colors_info=&#8220;{}&#8220;][\/et_pb_image][\/et_pb_column][\/et_pb_row][\/et_pb_section]<\/p>","protected":false},"excerpt":{"rendered":"<p>O n\u00e1s Jmenuji se Hana Purmov\u00e1 a psi jsou sou\u010d\u00e1st\u00ed m\u00e9ho \u017eivota prakticky odjak\u017eiva. Sv\u00e9ho prvn\u00edho psa jsem m\u011bla u\u017e v p\u011bti letech \u2013 byl to kokr\u0161pan\u011bl bez pr\u016fkazu p\u016fvodu. U\u017e tehdy ale bylo v\u0161em kolem jasn\u00e9, \u017ee m\u016fj \u017eivot bude nav\u017edy spojen\u00fd se psy. Kdekoliv jsem jak\u00e9hokoliv psa potkala, musela jsem za n\u00edm j\u00edt, [&hellip;]<\/p>","protected":false},"author":1,"featured_media":0,"parent":0,"menu_order":0,"comment_status":"closed","ping_status":"closed","template":"","meta":{"_et_pb_use_builder":"on","_et_pb_old_content":"","_et_gb_content_width":"","footnotes":""},"class_list":["post-728","page","type-page","status-publish","hentry"],"_links":{"self":[{"href":"https:\/\/kascaro.cz\/en\/wp-json\/wp\/v2\/pages\/728","targetHints":{"allow":["GET"]}}],"collection":[{"href":"https:\/\/kascaro.cz\/en\/wp-json\/wp\/v2\/pages"}],"about":[{"href":"https:\/\/kascaro.cz\/en\/wp-json\/wp\/v2\/types\/page"}],"author":[{"embeddable":true,"href":"https:\/\/kascaro.cz\/en\/wp-json\/wp\/v2\/users\/1"}],"replies":[{"embeddable":true,"href":"https:\/\/kascaro.cz\/en\/wp-json\/wp\/v2\/comments?post=728"}],"version-history":[{"count":4,"href":"https:\/\/kascaro.cz\/en\/wp-json\/wp\/v2\/pages\/728\/revisions"}],"predecessor-version":[{"id":935,"href":"https:\/\/kascaro.cz\/en\/wp-json\/wp\/v2\/pages\/728\/revisions\/935"}],"wp:attachment":[{"href":"https:\/\/kascaro.cz\/en\/wp-json\/wp\/v2\/media?parent=728"}],"curies":[{"name":"wp","href":"https:\/\/api.w.org\/{rel}","templated":true}]}}