{"id":865,"date":"2026-01-13T11:24:01","date_gmt":"2026-01-13T11:24:01","guid":{"rendered":"https:\/\/kascaro.cz\/?page_id=865"},"modified":"2026-02-14T10:00:26","modified_gmt":"2026-02-14T10:00:26","slug":"psi-auo","status":"publish","type":"page","link":"https:\/\/kascaro.cz\/en\/psi-auo\/","title":{"rendered":"Psi AUO"},"content":{"rendered":"<p>[et_pb_section fb_built=&#8220;1&#8243; _builder_version=&#8220;4.27.4&#8243; _module_preset=&#8220;default&#8220; custom_margin_tablet=&#8220;&#8220; custom_margin_phone=&#8220;-50px||||false|false&#8220; custom_margin_last_edited=&#8220;on|phone&#8220; global_colors_info=&#8220;{}&#8220;][et_pb_row _builder_version=&#8220;4.27.4&#8243; _module_preset=&#8220;default&#8220; custom_padding=&#8220;||0px|||&#8220; global_colors_info=&#8220;{}&#8220;][et_pb_column type=&#8220;4_4&#8243; _builder_version=&#8220;4.27.4&#8243; _module_preset=&#8220;default&#8220; global_colors_info=&#8220;{}&#8220;][et_pb_text _builder_version=&#8220;4.27.4&#8243; _module_preset=&#8220;default&#8220; text_font=&#8220;Belleza|||on|||||&#8220; text_text_color=&#8220;#392054&#8243; text_font_size=&#8220;48px&#8220; global_colors_info=&#8220;{}&#8220;]<\/p>\n<p style=\"text-align: center;\">Na\u0161i psi<\/p>\n<p>[\/et_pb_text][et_pb_text _builder_version=&#8220;4.27.4&#8243; _module_preset=&#8220;default&#8220; text_font=&#8220;&#8211;et_global_heading_font||||||||&#8220; text_text_color=&#8220;#c68f47&#8243; text_font_size=&#8220;16px&#8220; custom_margin=&#8220;-10px||26px|||&#8220; text_font_last_edited=&#8220;off|desktop&#8220; global_colors_info=&#8220;{}&#8220;]<\/p>\n<p style=\"text-align: center;\"><em><strong>Australsk\u00fd ov\u010d\u00e1k<\/strong><\/em><\/p>\n<p>[\/et_pb_text][\/et_pb_column][\/et_pb_row][et_pb_row column_structure=&#8220;1_3,1_3,1_3&#8243; _builder_version=&#8220;4.27.4&#8243; _module_preset=&#8220;default&#8220; global_colors_info=&#8220;{}&#8220;][et_pb_column type=&#8220;1_3&#8243; _builder_version=&#8220;4.27.4&#8243; _module_preset=&#8220;default&#8220; global_colors_info=&#8220;{}&#8220;][et_pb_image src=&#8220;http:\/\/kascaro.cz\/wp-content\/uploads\/2026\/01\/efade4e2-8dfd-456c-94bd-832b909c6fb4.jpeg&#8220; title_text=&#8220;efade4e2-8dfd-456c-94bd-832b909c6fb4&#8243; url=&#8220;@ET-DC@eyJkeW5hbWljIjp0cnVlLCJjb250ZW50IjoicG9zdF9saW5rX3VybF9wYWdlIiwic2V0dGluZ3MiOnsicG9zdF9pZCI6IjExNjEifX0=@&#8220; _builder_version=&#8220;4.27.4&#8243; _dynamic_attributes=&#8220;url&#8220; _module_preset=&#8220;default&#8220; custom_margin=&#8220;||24px|||&#8220; border_radii=&#8220;on|10px|10px|10px|10px&#8220; global_colors_info=&#8220;{}&#8220;][\/et_pb_image][et_pb_text _builder_version=&#8220;4.27.5&#8243; _module_preset=&#8220;default&#8220; text_font=&#8220;&#8211;et_global_heading_font||||||||&#8220; text_text_color=&#8220;#c68f47&#8243; text_font_size=&#8220;16px&#8220; custom_margin=&#8220;-10px||26px|||&#8220; text_font_last_edited=&#8220;off|desktop&#8220; global_colors_info=&#8220;{}&#8220;]<\/p>\n<p style=\"text-align: center;\"><em><strong>Cand. PL CH<\/strong><\/em><\/p>\n<p>[\/et_pb_text][et_pb_text _builder_version=&#8220;4.27.4&#8243; _module_preset=&#8220;default&#8220; text_font=&#8220;Belleza|||on|||||&#8220; text_text_color=&#8220;#392054&#8243; text_font_size=&#8220;48px&#8220; custom_margin=&#8220;-9px||17px|||&#8220; text_font_size_tablet=&#8220;48px&#8220; text_font_size_phone=&#8220;35px&#8220; text_font_size_last_edited=&#8220;on|phone&#8220; global_colors_info=&#8220;{}&#8220;]<\/p>\n<p style=\"text-align: center;\">Yoffrey<\/p>\n<p style=\"text-align: center;\">Kascaro<\/p>\n<p>[\/et_pb_text][et_pb_text _builder_version=&#8220;4.27.4&#8243; _module_preset=&#8220;default&#8220; text_text_color=&#8220;#3A3A3A&#8220; text_font_size=&#8220;10px&#8220; module_alignment=&#8220;center&#8220; global_colors_info=&#8220;{}&#8220;]<\/p>\n<p style=\"text-align: center;\"><em><strong>(WW Ron Del Grifo x <\/strong><\/em><em><strong>CH Dolly Kascaro)<\/strong><\/em><\/p>\n<p>[\/et_pb_text][\/et_pb_column][et_pb_column type=&#8220;1_3&#8243; _builder_version=&#8220;4.27.4&#8243; _module_preset=&#8220;default&#8220; global_colors_info=&#8220;{}&#8220;][et_pb_image src=&#8220;http:\/\/kascaro.cz\/wp-content\/uploads\/2026\/01\/b2bd5fc8-f099-4c1a-8ac0-3f58055fdacc.jpeg&#8220; title_text=&#8220;b2bd5fc8-f099-4c1a-8ac0-3f58055fdacc&#8220; url=&#8220;@ET-DC@eyJkeW5hbWljIjp0cnVlLCJjb250ZW50IjoicG9zdF9saW5rX3VybF9wYWdlIiwic2V0dGluZ3MiOnsicG9zdF9pZCI6IjExODEifX0=@&#8220; _builder_version=&#8220;4.27.4&#8243; _dynamic_attributes=&#8220;url&#8220; _module_preset=&#8220;default&#8220; custom_margin=&#8220;||24px|||&#8220; border_radii=&#8220;on|10px|10px|10px|10px&#8220; global_colors_info=&#8220;{}&#8220;][\/et_pb_image][et_pb_text _builder_version=&#8220;4.27.4&#8243; _module_preset=&#8220;default&#8220; text_font=&#8220;&#8211;et_global_heading_font||||||||&#8220; text_text_color=&#8220;#c68f47&#8243; text_font_size=&#8220;16px&#8220; custom_margin=&#8220;-10px||26px|||&#8220; text_font_last_edited=&#8220;off|desktop&#8220; global_colors_info=&#8220;{}&#8220;]<\/p>\n<p style=\"text-align: center;\"><em><strong>JCH San Marino, JCH Slovenia<\/strong><\/em><\/p>\n<p>[\/et_pb_text][et_pb_text _builder_version=&#8220;4.27.4&#8243; _module_preset=&#8220;default&#8220; text_font=&#8220;Belleza|||on|||||&#8220; text_text_color=&#8220;#392054&#8243; text_font_size=&#8220;48px&#8220; custom_margin=&#8220;-9px||17px|||&#8220; text_font_size_tablet=&#8220;48px&#8220; text_font_size_phone=&#8220;35px&#8220; text_font_size_last_edited=&#8220;on|phone&#8220; global_colors_info=&#8220;{}&#8220;]<\/p>\n<p style=\"text-align: center;\">Northbay xsell<\/p>\n<p style=\"text-align: center;\">finally mine<\/p>\n<p>[\/et_pb_text][et_pb_text _builder_version=&#8220;4.27.4&#8243; _module_preset=&#8220;default&#8220; text_text_color=&#8220;#3A3A3A&#8220; text_font_size=&#8220;10px&#8220; module_alignment=&#8220;center&#8220; global_colors_info=&#8220;{}&#8220;]<\/p>\n<p style=\"text-align: center;\"><em><strong>(GCHB CH Bailiwick Audacious x Northbay Xsell Pillow Talk<\/strong><\/em><em><strong>)<\/strong><\/em><\/p>\n<p>[\/et_pb_text][\/et_pb_column][et_pb_column type=&#8220;1_3&#8243; _builder_version=&#8220;4.27.4&#8243; _module_preset=&#8220;default&#8220; global_colors_info=&#8220;{}&#8220;][et_pb_image src=&#8220;http:\/\/kascaro.cz\/wp-content\/uploads\/2026\/01\/Unknown.jpg&#8220; title_text=&#8220;Unknown&#8220; url=&#8220;@ET-DC@eyJkeW5hbWljIjp0cnVlLCJjb250ZW50IjoicG9zdF9saW5rX3VybF9wYWdlIiwic2V0dGluZ3MiOnsicG9zdF9pZCI6IjExOTEifX0=@&#8220; _builder_version=&#8220;4.27.4&#8243; _dynamic_attributes=&#8220;url&#8220; _module_preset=&#8220;default&#8220; custom_margin=&#8220;||24px|||&#8220; border_radii=&#8220;on|10px|10px|10px|10px&#8220; global_colors_info=&#8220;{}&#8220;][\/et_pb_image][et_pb_text _builder_version=&#8220;4.27.4&#8243; _module_preset=&#8220;default&#8220; text_font=&#8220;&#8211;et_global_heading_font||||||||&#8220; text_text_color=&#8220;#c68f47&#8243; text_font_size=&#8220;16px&#8220; custom_margin=&#8220;-10px||26px|||&#8220; text_font_last_edited=&#8220;off|desktop&#8220; global_colors_info=&#8220;{}&#8220;]<\/p>\n<p style=\"text-align: center;\"><em><strong>GJCH, Multi JCh\u00a0<\/strong><\/em><\/p>\n<p>[\/et_pb_text][et_pb_text _builder_version=&#8220;4.27.4&#8243; _module_preset=&#8220;default&#8220; text_font=&#8220;Belleza|||on|||||&#8220; text_text_color=&#8220;#392054&#8243; text_font_size=&#8220;48px&#8220; custom_margin=&#8220;-9px||17px|||&#8220; text_font_size_tablet=&#8220;48px&#8220; text_font_size_phone=&#8220;35px&#8220; text_font_size_last_edited=&#8220;on|phone&#8220; global_colors_info=&#8220;{}&#8220;]<\/p>\n<p style=\"text-align: center;\">Secret agent<\/p>\n<p style=\"text-align: center;\">du gl. d. pandas<\/p>\n<p>[\/et_pb_text][et_pb_text _builder_version=&#8220;4.27.4&#8243; _module_preset=&#8220;default&#8220; text_text_color=&#8220;#3A3A3A&#8220; text_font_size=&#8220;10px&#8220; module_alignment=&#8220;center&#8220; global_colors_info=&#8220;{}&#8220;]<\/p>\n<p style=\"text-align: center;\"><em><strong>(Caufosca Kinf Of North x Jeux De Hiver Du Glacier des Pandas<\/strong><\/em><em><strong>)<\/strong><\/em><\/p>\n<p>[\/et_pb_text][\/et_pb_column][\/et_pb_row][et_pb_row column_structure=&#8220;1_3,1_3,1_3&#8243; _builder_version=&#8220;4.27.4&#8243; _module_preset=&#8220;default&#8220; global_colors_info=&#8220;{}&#8220;][et_pb_column type=&#8220;1_3&#8243; _builder_version=&#8220;4.27.4&#8243; _module_preset=&#8220;default&#8220; global_colors_info=&#8220;{}&#8220;][et_pb_image src=&#8220;http:\/\/kascaro.cz\/wp-content\/uploads\/2026\/01\/13afa751-0f36-4371-a036-bd773c14c6fa.jpeg&#8220; title_text=&#8220;13afa751-0f36-4371-a036-bd773c14c6fa&#8220; url=&#8220;@ET-DC@eyJkeW5hbWljIjp0cnVlLCJjb250ZW50IjoicG9zdF9saW5rX3VybF9wYWdlIiwic2V0dGluZ3MiOnsicG9zdF9pZCI6IjEyMjQifX0=@&#8220; _builder_version=&#8220;4.27.4&#8243; _dynamic_attributes=&#8220;url&#8220; _module_preset=&#8220;default&#8220; custom_margin=&#8220;||24px|||&#8220; border_radii=&#8220;on|10px|10px|10px|10px&#8220; global_colors_info=&#8220;{}&#8220;][\/et_pb_image][et_pb_text _builder_version=&#8220;4.27.5&#8243; _module_preset=&#8220;default&#8220; text_font=&#8220;&#8211;et_global_heading_font||||||||&#8220; text_text_color=&#8220;#c68f47&#8243; text_font_size=&#8220;16px&#8220; custom_margin=&#8220;-10px||26px|||&#8220; hover_enabled=&#8220;0&#8243; text_font_last_edited=&#8220;off|desktop&#8220; global_colors_info=&#8220;{}&#8220; sticky_enabled=&#8220;0&#8243;]<\/p>\n<p style=\"text-align: center;\"><em><strong>AKC Major PTD., Multi. CH\u00a0<\/strong><\/em><\/p>\n<p>[\/et_pb_text][et_pb_text _builder_version=&#8220;4.27.4&#8243; _module_preset=&#8220;default&#8220; text_font=&#8220;Belleza|||on|||||&#8220; text_text_color=&#8220;#392054&#8243; text_font_size=&#8220;48px&#8220; custom_margin=&#8220;-9px||17px|||&#8220; text_font_size_tablet=&#8220;48px&#8220; text_font_size_phone=&#8220;35px&#8220; text_font_size_last_edited=&#8220;on|phone&#8220; global_colors_info=&#8220;{}&#8220;]<\/p>\n<p style=\"text-align: center;\">RISINGSTAR&#8217;S\u00a0<\/p>\n<p style=\"text-align: center;\">WHAT LEGENDS&#8230;<\/p>\n<p>[\/et_pb_text][et_pb_text _builder_version=&#8220;4.27.5&#8243; _module_preset=&#8220;default&#8220; text_text_color=&#8220;#3A3A3A&#8220; text_font_size=&#8220;10px&#8220; module_alignment=&#8220;center&#8220; hover_enabled=&#8220;0&#8243; global_colors_info=&#8220;{}&#8220; sticky_enabled=&#8220;0&#8243;]<\/p>\n<p style=\"text-align: center;\"><em><strong>(Goldcrest Cruisin&#8217;For a Bruisin&#8216; x <\/strong><\/em><em><strong>Risingstar&#8217;s Lake Effect)<\/strong><\/em><\/p>\n<p>[\/et_pb_text][\/et_pb_column][et_pb_column type=&#8220;1_3&#8243; _builder_version=&#8220;4.27.4&#8243; _module_preset=&#8220;default&#8220; global_colors_info=&#8220;{}&#8220;][et_pb_image src=&#8220;http:\/\/kascaro.cz\/wp-content\/uploads\/2026\/01\/71183393-33ff-4e0b-964c-d7ab1aca7b2c.jpeg&#8220; title_text=&#8220;71183393-33ff-4e0b-964c-d7ab1aca7b2c&#8220; url=&#8220;@ET-DC@eyJkeW5hbWljIjp0cnVlLCJjb250ZW50IjoicG9zdF9saW5rX3VybF9wYWdlIiwic2V0dGluZ3MiOnsicG9zdF9pZCI6IjEyNzUifX0=@&#8220; _builder_version=&#8220;4.27.4&#8243; _dynamic_attributes=&#8220;url&#8220; _module_preset=&#8220;default&#8220; custom_margin=&#8220;||24px|||&#8220; border_radii=&#8220;on|10px|10px|10px|10px&#8220; global_colors_info=&#8220;{}&#8220;][\/et_pb_image][et_pb_text _builder_version=&#8220;4.27.4&#8243; _module_preset=&#8220;default&#8220; text_font=&#8220;&#8211;et_global_heading_font||||||||&#8220; text_text_color=&#8220;#c68f47&#8243; text_font_size=&#8220;16px&#8220; custom_margin=&#8220;-10px||26px|||&#8220; text_font_last_edited=&#8220;off|desktop&#8220; global_colors_info=&#8220;{}&#8220;]<\/p>\n<p style=\"text-align: center;\"><em><strong>JCH PL\u00a0<\/strong><\/em><\/p>\n<p>[\/et_pb_text][et_pb_text _builder_version=&#8220;4.27.4&#8243; _module_preset=&#8220;default&#8220; text_font=&#8220;Belleza|||on|||||&#8220; text_text_color=&#8220;#392054&#8243; text_font_size=&#8220;48px&#8220; custom_margin=&#8220;-9px||17px|||&#8220; text_font_size_tablet=&#8220;48px&#8220; text_font_size_phone=&#8220;35px&#8220; text_font_size_last_edited=&#8220;on|phone&#8220; global_colors_info=&#8220;{}&#8220;]<\/p>\n<p style=\"text-align: center;\">WATERCOLOURS<\/p>\n<p style=\"text-align: center;\">MAVERICK<\/p>\n<p>[\/et_pb_text][et_pb_text _builder_version=&#8220;4.27.4&#8243; _module_preset=&#8220;default&#8220; text_text_color=&#8220;#3A3A3A&#8220; text_font_size=&#8220;10px&#8220; module_alignment=&#8220;center&#8220; global_colors_info=&#8220;{}&#8220;]<\/p>\n<p style=\"text-align: center;\"><em><strong>(Northbay Xsell Set The Tone x Bayouland N Watercolours Merle Chaos<\/strong><\/em><em><strong>)<\/strong><\/em><\/p>\n<p>[\/et_pb_text][\/et_pb_column][et_pb_column type=&#8220;1_3&#8243; _builder_version=&#8220;4.27.4&#8243; _module_preset=&#8220;default&#8220; global_colors_info=&#8220;{}&#8220;][et_pb_image src=&#8220;http:\/\/kascaro.cz\/wp-content\/uploads\/2026\/01\/eb63a2bf-adad-44d4-8066-9b1142711f53.jpeg&#8220; title_text=&#8220;eb63a2bf-adad-44d4-8066-9b1142711f53&#8243; _builder_version=&#8220;4.27.4&#8243; _module_preset=&#8220;default&#8220; custom_margin=&#8220;||24px|||&#8220; border_radii=&#8220;on|10px|10px|10px|10px&#8220; global_colors_info=&#8220;{}&#8220;][\/et_pb_image][et_pb_text _builder_version=&#8220;4.27.4&#8243; _module_preset=&#8220;default&#8220; text_font=&#8220;&#8211;et_global_heading_font||||||||&#8220; text_text_color=&#8220;#c68f47&#8243; text_font_size=&#8220;16px&#8220; custom_margin=&#8220;-10px||26px|||&#8220; text_font_last_edited=&#8220;off|desktop&#8220; global_colors_info=&#8220;{}&#8220;]<\/p>\n<p style=\"text-align: center;\"><em><strong>CH JCH BISp.\u00a0<\/strong><\/em><\/p>\n<p>[\/et_pb_text][et_pb_text _builder_version=&#8220;4.27.4&#8243; _module_preset=&#8220;default&#8220; text_font=&#8220;Belleza|||on|||||&#8220; text_text_color=&#8220;#392054&#8243; text_font_size=&#8220;48px&#8220; custom_margin=&#8220;-9px||17px|||&#8220; text_font_size_tablet=&#8220;48px&#8220; text_font_size_phone=&#8220;35px&#8220; text_font_size_last_edited=&#8220;on|phone&#8220; global_colors_info=&#8220;{}&#8220;]<\/p>\n<p style=\"text-align: center;\">midnigt island\u00a0<\/p>\n<p style=\"text-align: center;\">look at me<\/p>\n<p>[\/et_pb_text][et_pb_text _builder_version=&#8220;4.27.4&#8243; _module_preset=&#8220;default&#8220; text_text_color=&#8220;#3A3A3A&#8220; text_font_size=&#8220;10px&#8220; module_alignment=&#8220;center&#8220; global_colors_info=&#8220;{}&#8220;]<\/p>\n<p style=\"text-align: center;\"><em><strong>(AKC CH Celtic Brae Tossin&#8217;Breads @ Midnight Island x AKC Ptd<\/strong><\/em><em><strong> Midnight Island In It 2 Win It)<\/strong><\/em><\/p>\n<p>[\/et_pb_text][\/et_pb_column][\/et_pb_row][et_pb_row _builder_version=&#8220;4.27.4&#8243; _module_preset=&#8220;default&#8220; global_colors_info=&#8220;{}&#8220;][et_pb_column type=&#8220;4_4&#8243; _builder_version=&#8220;4.27.4&#8243; _module_preset=&#8220;default&#8220; global_colors_info=&#8220;{}&#8220;][et_pb_image src=&#8220;http:\/\/kascaro.cz\/wp-content\/uploads\/2026\/01\/kascaro-oddelovac.png&#8220; title_text=&#8220;kascaro oddelovac&#8220; _builder_version=&#8220;4.27.4&#8243; _module_preset=&#8220;default&#8220; width=&#8220;70%&#8220; width_tablet=&#8220;70%&#8220; width_phone=&#8220;100%&#8220; width_last_edited=&#8220;on|phone&#8220; max_width=&#8220;100%&#8220; module_alignment=&#8220;center&#8220; custom_margin=&#8220;||61px|||&#8220; global_colors_info=&#8220;{}&#8220;][\/et_pb_image][et_pb_text _builder_version=&#8220;4.27.4&#8243; _module_preset=&#8220;default&#8220; text_font=&#8220;Belleza|||on|||||&#8220; text_text_color=&#8220;#392054&#8243; text_font_size=&#8220;48px&#8220; text_font_size_tablet=&#8220;48px&#8220; text_font_size_phone=&#8220;35px&#8220; text_font_size_last_edited=&#8220;on|phone&#8220; global_colors_info=&#8220;{}&#8220;][\/et_pb_text][\/et_pb_column][\/et_pb_row][\/et_pb_section]<\/p>","protected":false},"excerpt":{"rendered":"<p>Na\u0161i psiAustralsk\u00fd ov\u010d\u00e1kCand. PL CHYoffrey Kascaro(WW Ron Del Grifo x CH Dolly Kascaro)JCH San Marino, JCH SloveniaNorthbay xsell finally mine(GCHB CH Bailiwick Audacious x Northbay Xsell Pillow Talk)GJCH, Multi JCh\u00a0Secret agent du gl. d. pandas(Caufosca Kinf Of North x Jeux De Hiver Du Glacier des Pandas)AKC Major PTD., Multi. CH\u00a0RISINGSTAR&#8217;S\u00a0 WHAT LEGENDS&#8230;(Goldcrest Cruisin&#8217;For a Bruisin&#8216; [&hellip;]<\/p>","protected":false},"author":1,"featured_media":0,"parent":0,"menu_order":0,"comment_status":"closed","ping_status":"closed","template":"","meta":{"_et_pb_use_builder":"on","_et_pb_old_content":"","_et_gb_content_width":"","footnotes":""},"class_list":["post-865","page","type-page","status-publish","hentry"],"_links":{"self":[{"href":"https:\/\/kascaro.cz\/en\/wp-json\/wp\/v2\/pages\/865","targetHints":{"allow":["GET"]}}],"collection":[{"href":"https:\/\/kascaro.cz\/en\/wp-json\/wp\/v2\/pages"}],"about":[{"href":"https:\/\/kascaro.cz\/en\/wp-json\/wp\/v2\/types\/page"}],"author":[{"embeddable":true,"href":"https:\/\/kascaro.cz\/en\/wp-json\/wp\/v2\/users\/1"}],"replies":[{"embeddable":true,"href":"https:\/\/kascaro.cz\/en\/wp-json\/wp\/v2\/comments?post=865"}],"version-history":[{"count":26,"href":"https:\/\/kascaro.cz\/en\/wp-json\/wp\/v2\/pages\/865\/revisions"}],"predecessor-version":[{"id":1486,"href":"https:\/\/kascaro.cz\/en\/wp-json\/wp\/v2\/pages\/865\/revisions\/1486"}],"wp:attachment":[{"href":"https:\/\/kascaro.cz\/en\/wp-json\/wp\/v2\/media?parent=865"}],"curies":[{"name":"wp","href":"https:\/\/api.w.org\/{rel}","templated":true}]}}