{"id":877,"date":"2026-01-13T11:41:58","date_gmt":"2026-01-13T11:41:58","guid":{"rendered":"https:\/\/kascaro.cz\/?page_id=877"},"modified":"2026-02-08T08:46:05","modified_gmt":"2026-02-08T08:46:05","slug":"feny-mas","status":"publish","type":"page","link":"https:\/\/kascaro.cz\/en\/feny-mas\/","title":{"rendered":"Feny MAS"},"content":{"rendered":"<p>[et_pb_section fb_built=&#8220;1&#8243; _builder_version=&#8220;4.27.4&#8243; _module_preset=&#8220;default&#8220; custom_margin_tablet=&#8220;&#8220; custom_margin_phone=&#8220;-50px||||false|false&#8220; custom_margin_last_edited=&#8220;on|phone&#8220; global_colors_info=&#8220;{}&#8220;][et_pb_row _builder_version=&#8220;4.27.4&#8243; _module_preset=&#8220;default&#8220; custom_padding=&#8220;||0px|||&#8220; global_colors_info=&#8220;{}&#8220;][et_pb_column type=&#8220;4_4&#8243; _builder_version=&#8220;4.27.4&#8243; _module_preset=&#8220;default&#8220; global_colors_info=&#8220;{}&#8220;][et_pb_text _builder_version=&#8220;4.27.4&#8243; _module_preset=&#8220;default&#8220; text_font=&#8220;Belleza|||on|||||&#8220; text_text_color=&#8220;#392054&#8243; text_font_size=&#8220;48px&#8220; global_colors_info=&#8220;{}&#8220;]<\/p>\n<p style=\"text-align: center;\">Na\u0161e feny<\/p>\n<p>[\/et_pb_text][et_pb_text _builder_version=&#8220;4.27.4&#8243; _module_preset=&#8220;default&#8220; text_font=&#8220;&#8211;et_global_heading_font||||||||&#8220; text_text_color=&#8220;#c68f47&#8243; text_font_size=&#8220;16px&#8220; custom_margin=&#8220;-10px||26px|||&#8220; text_font_last_edited=&#8220;off|desktop&#8220; global_colors_info=&#8220;{}&#8220;]<\/p>\n<p style=\"text-align: center;\"><em><strong>Miniaturn\u00ed americk\u00fd ov\u010d\u00e1k<\/strong><\/em><\/p>\n<p>[\/et_pb_text][\/et_pb_column][\/et_pb_row][et_pb_row column_structure=&#8220;1_3,1_3,1_3&#8243; _builder_version=&#8220;4.27.4&#8243; _module_preset=&#8220;default&#8220; global_colors_info=&#8220;{}&#8220;][et_pb_column type=&#8220;1_3&#8243; _builder_version=&#8220;4.27.4&#8243; _module_preset=&#8220;default&#8220; global_colors_info=&#8220;{}&#8220;][et_pb_image src=&#8220;http:\/\/kascaro.cz\/wp-content\/uploads\/2026\/02\/51d6a494-b681-46b5-b5ae-fb9f83d7a501.jpeg&#8220; title_text=&#8220;51d6a494-b681-46b5-b5ae-fb9f83d7a501&#8243; _builder_version=&#8220;4.27.5&#8243; _module_preset=&#8220;default&#8220; custom_margin=&#8220;||24px|||&#8220; border_radii=&#8220;on|10px|10px|10px|10px&#8220; locked=&#8220;off&#8220; global_colors_info=&#8220;{}&#8220;][\/et_pb_image][et_pb_text _builder_version=&#8220;4.27.5&#8243; _module_preset=&#8220;default&#8220; text_font=&#8220;&#8211;et_global_heading_font||||||||&#8220; text_text_color=&#8220;#c68f47&#8243; text_font_size=&#8220;16px&#8220; custom_margin=&#8220;-10px||26px|||&#8220; text_font_last_edited=&#8220;off|desktop&#8220; global_colors_info=&#8220;{}&#8220;]<\/p>\n<p style=\"text-align: center;\"><em><strong>JCH PL, CZ<\/strong><\/em><\/p>\n<p>[\/et_pb_text][et_pb_text _builder_version=&#8220;4.27.5&#8243; _module_preset=&#8220;default&#8220; text_font=&#8220;Belleza|||on|||||&#8220; text_text_color=&#8220;#392054&#8243; text_font_size=&#8220;48px&#8220; custom_margin=&#8220;-9px||17px|||&#8220; text_font_size_tablet=&#8220;48px&#8220; text_font_size_phone=&#8220;35px&#8220; text_font_size_last_edited=&#8220;on|phone&#8220; global_colors_info=&#8220;{}&#8220;]<\/p>\n<p style=\"text-align: center;\">Cookie mini<\/p>\n<p style=\"text-align: center;\">Kascaro<\/p>\n<p>[\/et_pb_text][et_pb_text _builder_version=&#8220;4.27.5&#8243; _module_preset=&#8220;default&#8220; text_text_color=&#8220;#3A3A3A&#8220; text_font_size=&#8220;10px&#8220; module_alignment=&#8220;center&#8220; global_colors_info=&#8220;{}&#8220;]<\/p>\n<p style=\"text-align: center;\"><em><strong>(GCH CH JCH Rebel Soul&#8217;s Cooper to Kelemenki x <\/strong><\/em><em><strong>CH JCH Legacy&#8217;s Calliope Music)<\/strong><\/em><\/p>\n<p>[\/et_pb_text][\/et_pb_column][et_pb_column type=&#8220;1_3&#8243; _builder_version=&#8220;4.27.4&#8243; _module_preset=&#8220;default&#8220; global_colors_info=&#8220;{}&#8220;][et_pb_image src=&#8220;http:\/\/kascaro.cz\/wp-content\/uploads\/2026\/02\/b51cb6b8-4e28-498a-8558-0ae646df0442.jpeg&#8220; title_text=&#8220;b51cb6b8-4e28-498a-8558-0ae646df0442&#8243; _builder_version=&#8220;4.27.5&#8243; _module_preset=&#8220;default&#8220; custom_margin=&#8220;||24px|||&#8220; border_radii=&#8220;on|10px|10px|10px|10px&#8220; global_colors_info=&#8220;{}&#8220;][\/et_pb_image][et_pb_text _builder_version=&#8220;4.27.4&#8243; _module_preset=&#8220;default&#8220; text_font=&#8220;&#8211;et_global_heading_font||||||||&#8220; text_text_color=&#8220;#c68f47&#8243; text_font_size=&#8220;16px&#8220; custom_margin=&#8220;-10px||26px|||&#8220; text_font_last_edited=&#8220;off|desktop&#8220; global_colors_info=&#8220;{}&#8220;]<\/p>\n<p style=\"text-align: center;\"><em><strong>CH PL\u00a0<\/strong><\/em><\/p>\n<p>[\/et_pb_text][et_pb_text _builder_version=&#8220;4.27.5&#8243; _module_preset=&#8220;default&#8220; text_font=&#8220;Belleza|||on|||||&#8220; text_text_color=&#8220;#392054&#8243; text_font_size=&#8220;48px&#8220; custom_margin=&#8220;-9px||17px|||&#8220; text_font_size_tablet=&#8220;48px&#8220; text_font_size_phone=&#8220;35px&#8220; text_font_size_last_edited=&#8220;on|phone&#8220; global_colors_info=&#8220;{}&#8220;]<\/p>\n<p style=\"text-align: center;\">Ellie mini<\/p>\n<p style=\"text-align: center;\">Cofi Capito<\/p>\n<p>[\/et_pb_text][et_pb_text _builder_version=&#8220;4.27.4&#8243; _module_preset=&#8220;default&#8220; text_text_color=&#8220;#3A3A3A&#8220; text_font_size=&#8220;10px&#8220; module_alignment=&#8220;center&#8220; global_colors_info=&#8220;{}&#8220;]<\/p>\n<p style=\"text-align: center;\"><em><strong>(WW ICH SENTIKKI RIX ABSOLUTE VALUE x <\/strong><\/em><em><strong>CH FANTASY SHOW PERFECT MAGIC)<\/strong><\/em><\/p>\n<p>[\/et_pb_text][\/et_pb_column][et_pb_column type=&#8220;1_3&#8243; _builder_version=&#8220;4.27.4&#8243; _module_preset=&#8220;default&#8220; global_colors_info=&#8220;{}&#8220;][et_pb_image src=&#8220;http:\/\/kascaro.cz\/wp-content\/uploads\/2026\/02\/ad76fc6b-d26e-4138-a75a-b7c075ab235b.jpeg&#8220; title_text=&#8220;ad76fc6b-d26e-4138-a75a-b7c075ab235b&#8220; _builder_version=&#8220;4.27.5&#8243; _module_preset=&#8220;default&#8220; custom_margin=&#8220;||24px|||&#8220; border_radii=&#8220;on|10px|10px|10px|10px&#8220; global_colors_info=&#8220;{}&#8220;][\/et_pb_image][et_pb_text _builder_version=&#8220;4.27.5&#8243; _module_preset=&#8220;default&#8220; text_font=&#8220;&#8211;et_global_heading_font||||||||&#8220; text_text_color=&#8220;#c68f47&#8243; text_font_size=&#8220;16px&#8220; custom_margin=&#8220;-10px||26px|||&#8220; text_font_last_edited=&#8220;off|desktop&#8220; global_colors_info=&#8220;{}&#8220;]<\/p>\n<p style=\"text-align: center;\"><em><strong>CH PL , JCH CZ<\/strong><\/em><\/p>\n<p>[\/et_pb_text][et_pb_text _builder_version=&#8220;4.27.5&#8243; _module_preset=&#8220;default&#8220; text_font=&#8220;Belleza|||on|||||&#8220; text_text_color=&#8220;#392054&#8243; text_font_size=&#8220;48px&#8220; custom_margin=&#8220;-9px||17px|||&#8220; text_font_size_tablet=&#8220;48px&#8220; text_font_size_phone=&#8220;35px&#8220; text_font_size_last_edited=&#8220;on|phone&#8220; global_colors_info=&#8220;{}&#8220;]<\/p>\n<p style=\"text-align: center;\">Legacy&#8217;s<\/p>\n<p style=\"text-align: center;\">Calliope Music<\/p>\n<p>[\/et_pb_text][et_pb_text _builder_version=&#8220;4.27.5&#8243; _module_preset=&#8220;default&#8220; text_text_color=&#8220;#3A3A3A&#8220; text_font_size=&#8220;10px&#8220; module_alignment=&#8220;center&#8220; global_colors_info=&#8220;{}&#8220;]<\/p>\n<p style=\"text-align: center;\"><em><strong>(GCH CH Legacy&#8217;s Play In Review x <\/strong><\/em><em><strong>CH Legacy&#8217;s Queen Ehlana)<\/strong><\/em><\/p>\n<p>[\/et_pb_text][\/et_pb_column][\/et_pb_row][et_pb_row _builder_version=&#8220;4.27.4&#8243; _module_preset=&#8220;default&#8220; global_colors_info=&#8220;{}&#8220;][et_pb_column type=&#8220;4_4&#8243; _builder_version=&#8220;4.27.4&#8243; _module_preset=&#8220;default&#8220; global_colors_info=&#8220;{}&#8220;][et_pb_image src=&#8220;http:\/\/kascaro.cz\/wp-content\/uploads\/2026\/01\/kascaro-oddelovac.png&#8220; title_text=&#8220;kascaro oddelovac&#8220; _builder_version=&#8220;4.27.4&#8243; _module_preset=&#8220;default&#8220; width=&#8220;70%&#8220; width_tablet=&#8220;70%&#8220; width_phone=&#8220;100%&#8220; width_last_edited=&#8220;on|phone&#8220; max_width=&#8220;100%&#8220; module_alignment=&#8220;center&#8220; custom_margin=&#8220;||61px|||&#8220; global_colors_info=&#8220;{}&#8220;][\/et_pb_image][et_pb_text _builder_version=&#8220;4.27.4&#8243; _module_preset=&#8220;default&#8220; text_font=&#8220;Belleza|||on|||||&#8220; text_text_color=&#8220;#392054&#8243; text_font_size=&#8220;48px&#8220; text_font_size_tablet=&#8220;48px&#8220; text_font_size_phone=&#8220;35px&#8220; text_font_size_last_edited=&#8220;on|phone&#8220; global_colors_info=&#8220;{}&#8220;]<\/p>\n<p style=\"text-align: center;\">Ve spolumajetku<\/p>\n<p>[\/et_pb_text][\/et_pb_column][\/et_pb_row][et_pb_row column_structure=&#8220;1_3,1_3,1_3&#8243; _builder_version=&#8220;4.27.4&#8243; _module_preset=&#8220;default&#8220; global_colors_info=&#8220;{}&#8220;][et_pb_column type=&#8220;1_3&#8243; _builder_version=&#8220;4.27.4&#8243; _module_preset=&#8220;default&#8220; global_colors_info=&#8220;{}&#8220;][et_pb_image src=&#8220;http:\/\/kascaro.cz\/wp-content\/uploads\/2026\/02\/5ff5b1d5-72ae-4822-a921-9027947c4d27.jpeg&#8220; title_text=&#8220;5ff5b1d5-72ae-4822-a921-9027947c4d27&#8243; _builder_version=&#8220;4.27.5&#8243; _module_preset=&#8220;default&#8220; custom_margin=&#8220;||24px|||&#8220; border_radii=&#8220;on|10px|10px|10px|10px&#8220; global_colors_info=&#8220;{}&#8220;][\/et_pb_image][et_pb_text _builder_version=&#8220;4.27.4&#8243; _module_preset=&#8220;default&#8220; text_font=&#8220;&#8211;et_global_heading_font||||||||&#8220; text_text_color=&#8220;#c68f47&#8243; text_font_size=&#8220;16px&#8220; custom_margin=&#8220;-10px||26px|||&#8220; text_font_last_edited=&#8220;off|desktop&#8220; global_colors_info=&#8220;{}&#8220;]<\/p>\n<p style=\"text-align: center;\"><em><strong>CH PL\u00a0<\/strong><\/em><\/p>\n<p>[\/et_pb_text][et_pb_text _builder_version=&#8220;4.27.5&#8243; _module_preset=&#8220;default&#8220; text_font=&#8220;Belleza|||on|||||&#8220; text_text_color=&#8220;#392054&#8243; text_font_size=&#8220;48px&#8220; custom_margin=&#8220;-9px||17px|||&#8220; text_font_size_tablet=&#8220;48px&#8220; text_font_size_phone=&#8220;35px&#8220; text_font_size_last_edited=&#8220;on|phone&#8220; global_colors_info=&#8220;{}&#8220;]<\/p>\n<p style=\"text-align: center;\">Cola mini<\/p>\n<p style=\"text-align: center;\">Kascaro<\/p>\n<p>[\/et_pb_text][et_pb_text _builder_version=&#8220;4.27.5&#8243; _module_preset=&#8220;default&#8220; text_text_color=&#8220;#3A3A3A&#8220; text_font_size=&#8220;10px&#8220; module_alignment=&#8220;center&#8220; global_colors_info=&#8220;{}&#8220;]<\/p>\n<p style=\"text-align: center;\"><em><strong>(GCH CH JCH Rebel Soul&#8217;s Cooper to Kelemenki x <\/strong><\/em><em><strong>CH JCH Legacy&#8217;s Calliope Music)<\/strong><\/em><\/p>\n<p>[\/et_pb_text][\/et_pb_column][et_pb_column type=&#8220;1_3&#8243; _builder_version=&#8220;4.27.4&#8243; _module_preset=&#8220;default&#8220; global_colors_info=&#8220;{}&#8220;][et_pb_image src=&#8220;http:\/\/kascaro.cz\/wp-content\/uploads\/2026\/02\/18c6ba05-ff5a-4479-9c66-2d1c5d476e0f.jpeg&#8220; title_text=&#8220;18c6ba05-ff5a-4479-9c66-2d1c5d476e0f&#8220; _builder_version=&#8220;4.27.5&#8243; _module_preset=&#8220;default&#8220; custom_margin=&#8220;||24px|||&#8220; border_radii=&#8220;on|10px|10px|10px|10px&#8220; global_colors_info=&#8220;{}&#8220;][\/et_pb_image][et_pb_text _builder_version=&#8220;4.27.4&#8243; _module_preset=&#8220;default&#8220; text_font=&#8220;&#8211;et_global_heading_font||||||||&#8220; text_text_color=&#8220;#c68f47&#8243; text_font_size=&#8220;16px&#8220; custom_margin=&#8220;-10px||26px|||&#8220; text_font_last_edited=&#8220;off|desktop&#8220; global_colors_info=&#8220;{}&#8220;]<\/p>\n<p style=\"text-align: center;\"><em><strong>CH PL\u00a0<\/strong><\/em><\/p>\n<p>[\/et_pb_text][et_pb_text _builder_version=&#8220;4.27.5&#8243; _module_preset=&#8220;default&#8220; text_font=&#8220;Belleza|||on|||||&#8220; text_text_color=&#8220;#392054&#8243; text_font_size=&#8220;48px&#8220; custom_margin=&#8220;-9px||17px|||&#8220; text_font_size_tablet=&#8220;48px&#8220; text_font_size_phone=&#8220;35px&#8220; text_font_size_last_edited=&#8220;on|phone&#8220; global_colors_info=&#8220;{}&#8220;]<\/p>\n<p style=\"text-align: center;\">Cupcake mini<\/p>\n<p style=\"text-align: center;\">Kascaro<\/p>\n<p>[\/et_pb_text][et_pb_text _builder_version=&#8220;4.27.5&#8243; _module_preset=&#8220;default&#8220; text_text_color=&#8220;#3A3A3A&#8220; text_font_size=&#8220;10px&#8220; module_alignment=&#8220;center&#8220; hover_enabled=&#8220;0&#8243; global_colors_info=&#8220;{}&#8220; sticky_enabled=&#8220;0&#8243;]<\/p>\n<p style=\"text-align: center;\"><em><strong>(GCH CH JCH Rebel Soul&#8217;s Cooper to Kelemenki x <\/strong><\/em><em><strong>CH JCH Legacy&#8217;s Calliope Music)<\/strong><\/em><\/p>\n<p>[\/et_pb_text][\/et_pb_column][et_pb_column type=&#8220;1_3&#8243; _builder_version=&#8220;4.27.4&#8243; _module_preset=&#8220;default&#8220; global_colors_info=&#8220;{}&#8220;][et_pb_image src=&#8220;http:\/\/kascaro.cz\/wp-content\/uploads\/2026\/02\/6ca8ba07-c434-465c-9e52-0bcaf2bbd885.jpeg&#8220; title_text=&#8220;6ca8ba07-c434-465c-9e52-0bcaf2bbd885&#8243; _builder_version=&#8220;4.27.5&#8243; _module_preset=&#8220;default&#8220; custom_margin=&#8220;||24px|||&#8220; hover_enabled=&#8220;0&#8243; border_radii=&#8220;on|10px|10px|10px|10px&#8220; global_colors_info=&#8220;{}&#8220; sticky_enabled=&#8220;0&#8243;][\/et_pb_image][et_pb_text _builder_version=&#8220;4.27.5&#8243; _module_preset=&#8220;default&#8220; text_font=&#8220;&#8211;et_global_heading_font||||||||&#8220; text_text_color=&#8220;#c68f47&#8243; text_font_size=&#8220;16px&#8220; custom_margin=&#8220;-10px||26px|||&#8220; hover_enabled=&#8220;0&#8243; text_font_last_edited=&#8220;off|desktop&#8220; global_colors_info=&#8220;{}&#8220; sticky_enabled=&#8220;0&#8243;]<\/p>\n<p style=\"text-align: center;\"><em><strong>CH PL, JCH CZ, PL<\/strong><\/em><\/p>\n<p>[\/et_pb_text][et_pb_text _builder_version=&#8220;4.27.5&#8243; _module_preset=&#8220;default&#8220; text_font=&#8220;Belleza|||on|||||&#8220; text_text_color=&#8220;#392054&#8243; text_font_size=&#8220;48px&#8220; custom_margin=&#8220;-9px||17px|||&#8220; text_font_size_tablet=&#8220;48px&#8220; text_font_size_phone=&#8220;35px&#8220; text_font_size_last_edited=&#8220;on|phone&#8220; global_colors_info=&#8220;{}&#8220;]<\/p>\n<p style=\"text-align: center;\">A litle princess<\/p>\n<p style=\"text-align: center;\">mini Kascaro<\/p>\n<p>[\/et_pb_text][et_pb_text _builder_version=&#8220;4.27.5&#8243; _module_preset=&#8220;default&#8220; text_text_color=&#8220;#3A3A3A&#8220; text_font_size=&#8220;10px&#8220; module_alignment=&#8220;center&#8220; hover_enabled=&#8220;0&#8243; global_colors_info=&#8220;{}&#8220; sticky_enabled=&#8220;0&#8243;]<\/p>\n<p style=\"text-align: center;\"><em><strong>(JCH Moonbabys Black Passion x <\/strong><\/em><em><strong>CH JCH Moonbaby&#8217;s Drop In The Ocean)<\/strong><\/em><\/p>\n<p>[\/et_pb_text][\/et_pb_column][\/et_pb_row][\/et_pb_section]<\/p>","protected":false},"excerpt":{"rendered":"<p>Na\u0161e fenyMiniaturn\u00ed americk\u00fd ov\u010d\u00e1kJCH PL, CZCookie mini Kascaro(GCH CH JCH Rebel Soul&#8217;s Cooper to Kelemenki x CH JCH Legacy&#8217;s Calliope Music)CH PL\u00a0Ellie mini Cofi Capito(WW ICH SENTIKKI RIX ABSOLUTE VALUE x CH FANTASY SHOW PERFECT MAGIC)CH PL , JCH CZLegacy&#8217;s Calliope Music(GCH CH Legacy&#8217;s Play In Review x CH Legacy&#8217;s Queen Ehlana)Ve spolumajetkuCH PL\u00a0Cola mini [&hellip;]<\/p>","protected":false},"author":1,"featured_media":0,"parent":0,"menu_order":0,"comment_status":"closed","ping_status":"closed","template":"","meta":{"_et_pb_use_builder":"on","_et_pb_old_content":"","_et_gb_content_width":"","footnotes":""},"class_list":["post-877","page","type-page","status-publish","hentry"],"_links":{"self":[{"href":"https:\/\/kascaro.cz\/en\/wp-json\/wp\/v2\/pages\/877","targetHints":{"allow":["GET"]}}],"collection":[{"href":"https:\/\/kascaro.cz\/en\/wp-json\/wp\/v2\/pages"}],"about":[{"href":"https:\/\/kascaro.cz\/en\/wp-json\/wp\/v2\/types\/page"}],"author":[{"embeddable":true,"href":"https:\/\/kascaro.cz\/en\/wp-json\/wp\/v2\/users\/1"}],"replies":[{"embeddable":true,"href":"https:\/\/kascaro.cz\/en\/wp-json\/wp\/v2\/comments?post=877"}],"version-history":[{"count":7,"href":"https:\/\/kascaro.cz\/en\/wp-json\/wp\/v2\/pages\/877\/revisions"}],"predecessor-version":[{"id":1480,"href":"https:\/\/kascaro.cz\/en\/wp-json\/wp\/v2\/pages\/877\/revisions\/1480"}],"wp:attachment":[{"href":"https:\/\/kascaro.cz\/en\/wp-json\/wp\/v2\/media?parent=877"}],"curies":[{"name":"wp","href":"https:\/\/api.w.org\/{rel}","templated":true}]}}